{"id":1168,"date":"2022-08-16T08:37:17","date_gmt":"2022-08-16T08:37:17","guid":{"rendered":"https:\/\/sapoproducts.nl\/i-teamwebshop\/?post_type=product&#038;p=1168"},"modified":"2025-09-09T13:42:09","modified_gmt":"2025-09-09T13:42:09","slug":"i-mop-xxl-pro-v22-black-by-i-team-excl-lader-en-batterijen","status":"publish","type":"product","link":"https:\/\/sapoproducts.nl\/i-teamwebshop\/product\/i-mop-xxl-pro-v22-black-by-i-team-excl-lader-en-batterijen\/","title":{"rendered":"i-mop XXL pro V23 *Black* by i-team (excl. lader en batterijen)"},"content":{"rendered":"<p>Wanneer u op zoekt bent naar de meest effici\u00ebnte schrobzuigmachine, dan is de i-mop de beste keuze die u kunt maken. De i-mop XXL is een zeer handige, gebruiksvriendelijke en compacte schrobzuigmachine welke grondig schoonmaakt zonder dat u chemie hoeft te gebruiken. Door het gebruik van de i-mop XXL kunt u snel en duurzaam schoonmaken, waardoor u direct een bijdrage levert aan het milieu.<\/p>\n<p>De i-mop XXL is voorzien van een schrobzuigvoet met twee super snelle borstels, welke de vloeren grondig schrobben. Daarnaast bent u snel klaar door de werkbreedte van 46 cm, die een onge\u00ebvenaarde wendbaarheid biedt. Dankzij de twee tegen elkaar in draaiende borstels kunt u de machine soepel bedienen, zelfs met \u00e9\u00e9n hand. Maakt rond en onder objecten schoon, net als een dweil maar dan sneller en grondiger!<\/p>\n<p>De i-mop XXL schrobzuigmachine is door zijn eenvoud makkelijk op te nemen in het HACCP programma, doordat de i-mop uitbereid kan worden met verschillende kleuren borstels en solutiontanks. Tevens kan de i-mop XL uitbereid worden door snel omwisselbare i-power batterijsystemen. De i-power 9 accu heeft een capaciteit van 24 V 8.8 Ah en de krachtige de i-power 14 accu 25.2 V 14 Ah. De i-charge 2 is een standaard oplader voor alle type i-power accu&#8217;s in tegenstelling tot de i-charge 9 super oplader die 2x sneller kan opladen waardoor u de gehele dag aan de slag kan. Geen snoeren waar u over struikelt of die in de war raken, gewoon aanzetten en aan de slag gaan.<\/p>\n<blockquote>\n<h4><strong>Reinigt tot 2.300 m2 per uur!<\/strong><\/h4>\n<\/blockquote>\n<p><strong>Specificaties<\/strong><\/p>\n<p>&#8211; Verschillende laad- en batterijpakketten leverbaar<br \/>\n&#8211; Schrobben en zuigen in een beweging<br \/>\n&#8211; Voorzien van 2 motoren en 62 cm schrobbreedte<br \/>\n&#8211; Extreme mobiliteit: 360\u00b0 flexibiliteit, ideaal voor reiniging onder objecten.<br \/>\n&#8211; Makkelijk en licht: zeer makkelijk te vullen en leeg te maken, d.m.v. van de afneembare tanks.<br \/>\n&#8211; Voorzien van handige transportwielen en eenvoudig op te bergen.<br \/>\n&#8211; Theoretisch\/praktisch prestaties: 2300\/1800 m\u00b2\/u.<br \/>\n&#8211; LxBxH: 43 x 69 x 124 cm.a<br \/>\n&#8211; Laag waterverbruik: 4 Liter\/400m\u00b2<br \/>\n&#8211; Gewicht zonder batterijen en water: 21 kg<\/p>\n<p><strong>*Batterijen en lader los te verkrijgen<\/strong><\/p>\n<p>De volgende keuze in batterijen en systemen heeft u voor i-mop XXL:<\/p>\n<p><strong>Batterij:<\/strong><br \/>\n&#8211; <a href=\"https:\/\/sapoproducts.nl\/i-teamwebshop\/product\/i-team-i-power-9-white-left\/\" target=\"_blank\" rel=\"noopener\">i-power 9<\/a> batterij heeft een capaciteit van 24 V 8.8 Ah &#8211; ca. 50-60 minuten werktijd*<br \/>\n&#8211; <a href=\"https:\/\/sapoproducts.nl\/i-teamwebshop\/product\/i-team-i-power-14-grey-left\/\">i-power 14<\/a> batterij 25.2 V 14 Ah (krachtiger dan de i-power 9) &#8211; ca. 60-70 minuten werktijd*<br \/>\n&#8211; i-power 20\u00a0batterij 25.2 V 20 Ah (krachtiger dan de i-power 14) &#8211; ca. 130 minuten werktijd*<\/p>\n<p><i>*gebasseerd op werktijd op gladde vloeren\u00a0<\/i><\/p>\n<p><strong>Oplader (i-charge serie):<\/strong><br \/>\n&#8211; i-charge 2, standaard lader met een laadtijd van 4 uur voor alle type i-power batterijen<br \/>\n&#8211; i-charge 9, super snellader die in minimaal 90 minuten de batterijen kan opladen<\/p>\n<h3><strong>Welke i-mop past bij mij?<\/strong><\/h3>\n<p>Bekijk <a title=\"Welke i-mop past bij jou?\" href=\"https:\/\/sapoproducts.nl\/i-teamwebshop\/wp-content\/uploads\/2024\/02\/Brochure i-mop - ontdek de verschillen 2024.pdf\" target=\"_blank\" rel=\"noopener\">hier<\/a> welke i-mop het beste bij je past en ontdek de verschillen van de 2023 edition!<\/p>\n<p><b>Verschillen tussen de Basic, Plus, Pro:<\/b><\/p>\n<p><img loading=\"lazy\" decoding=\"async\" class=\"wp-image-1873 size-full\" src=\"https:\/\/sapoproducts.nl\/i-teamwebshop\/wp-content\/uploads\/2022\/08\/Verschillen-i-mop.jpg\" alt=\"Ontdek de verschillen van de i-mop Lite, XL en XXL\" width=\"647\" height=\"799\" \/><\/p>\n<h4><strong>Brochure<\/strong><\/h4>\n<p>Download hier de brochure van de i-mop en ontdek welke i-mop bij jou past!<br \/>\n&#8211; <a href=\"https:\/\/sapoproducts.nl\/i-teamwebshop\/wp-content\/uploads\/2022\/05\/210322%20Brochure.Choosing.i-mop.NLD.V5.Online.pdf\" target=\"_blank\" rel=\"noopener\">Brochure<\/a> i-mop Nederlands<br \/>\n&#8211; <a href=\"https:\/\/sapoproducts.nl\/i-teamwebshop\/wp-content\/uploads\/2022\/01\/Brochure2021_Choosing_i-mop_V4.ONLINE.pdf\" target=\"_blank\" rel=\"noopener\">Brochure<\/a> i-mop Engels<\/p>\n<h3><strong>Product Video<\/strong><\/h3>\n<p><iframe loading=\"lazy\" title=\"i-mop XXL | Bigger Can Be Better | i-team Global\" width=\"1080\" height=\"608\" src=\"https:\/\/www.youtube.com\/embed\/VW12bR1V7EE?feature=oembed\"  allow=\"accelerometer; autoplay; clipboard-write; encrypted-media; gyroscope; picture-in-picture; web-share\" referrerpolicy=\"strict-origin-when-cross-origin\" allowfullscreen><\/iframe><\/p>\n<h3><strong>\u00a0<\/strong><\/h3>\n","protected":false},"excerpt":{"rendered":"<p>Wanneer u op zoekt bent naar de meest effici\u00ebnte schrobzuigmachine, dan is de i-mop XL de beste keuze die u kunt maken. De i-mop XL is een zeer handige, gebruiksvriendelijke en compacte schrobzuigmachine welke grondig schoonmaakt zonder dat u chemie hoeft te gebruiken. Door het gebruik van de i-mop XL kunt u snel en duurzaam schoonmaken, waardoor u direct een bijdrage levert aan het milieu.<\/p>\n<p>&nbsp;<\/p>\n<h5><strong>Maak je bestelling compleet door deze aan te vullen met de oplader en batterijen.<\/strong><\/h5>\n<ul>\n<li>Kies bij de oplader uit de i-charge 2 of snellader i-charge 9.<\/li>\n<li>Kies bij de batterijen uit de i-power 14 of de zeer krachtige i-power 20.<\/li>\n<\/ul>\n","protected":false},"featured_media":1480,"comment_status":"open","ping_status":"closed","template":"","meta":{"_et_pb_use_builder":"","_et_pb_old_content":"","_et_gb_content_width":"","_monsterinsights_skip_tracking":false,"_monsterinsights_sitenote_active":false,"_monsterinsights_sitenote_note":"","_monsterinsights_sitenote_category":0},"product_brand":[],"product_cat":[16],"product_tag":[18,24,20,97,96],"class_list":{"0":"post-1168","1":"product","2":"type-product","3":"status-publish","4":"has-post-thumbnail","6":"product_cat-i-mop","7":"product_tag-i-mop","8":"product_tag-i-mop-xxl","9":"product_tag-imop","10":"product_tag-imop-xxl","11":"product_tag-xxl","13":"first","14":"instock","15":"featured","16":"taxable","17":"shipping-taxable","18":"purchasable","19":"product-type-composite"},"yoast_head":"<!-- This site is optimized with the Yoast SEO plugin v27.3 - https:\/\/yoast.com\/product\/yoast-seo-wordpress\/ -->\n<title>i-mop XXL Pro: Krachtige schoonmaakmachine voor grote ruimtes!<\/title>\n<meta name=\"description\" content=\"Reinig tot 2300 m\u00b2\/uur! Schrobben, zuigen &amp; dweilen in \u00e9\u00e9n. Effici\u00ebnt, hygi\u00ebnisch &amp; gebruiksvriendelijk. #schoonmaak #schrobzuigmachine #i-mop #xxl #pro\" \/>\n<meta name=\"robots\" content=\"index, follow, max-snippet:-1, max-image-preview:large, max-video-preview:-1\" \/>\n<link rel=\"canonical\" href=\"https:\/\/sapoproducts.nl\/i-teamwebshop\/product\/i-mop-xxl-pro-v22-black-by-i-team-excl-lader-en-batterijen\/\" \/>\n<meta property=\"og:locale\" content=\"nl_NL\" \/>\n<meta property=\"og:type\" content=\"article\" \/>\n<meta property=\"og:title\" content=\"i-mop XXL Pro: Krachtige schoonmaakmachine voor grote ruimtes!\" \/>\n<meta property=\"og:description\" content=\"Reinig tot 2300 m\u00b2\/uur! Schrobben, zuigen &amp; dweilen in \u00e9\u00e9n. Effici\u00ebnt, hygi\u00ebnisch &amp; gebruiksvriendelijk. #schoonmaak #schrobzuigmachine #i-mop #xxl #pro\" \/>\n<meta property=\"og:url\" content=\"https:\/\/sapoproducts.nl\/i-teamwebshop\/product\/i-mop-xxl-pro-v22-black-by-i-team-excl-lader-en-batterijen\/\" \/>\n<meta property=\"og:site_name\" content=\"Offici\u00eble partner i-teamwebshop by SAPO Products\" \/>\n<meta property=\"article:modified_time\" content=\"2025-09-09T13:42:09+00:00\" \/>\n<meta property=\"og:image\" content=\"https:\/\/sapoproducts.nl\/i-teamwebshop\/wp-content\/uploads\/2022\/08\/white-i-Mop-XXL-PRO-V22-PV-Angled-Parked-Left-Front_ONLINE.jpg\" \/>\n\t<meta property=\"og:image:width\" content=\"1500\" \/>\n\t<meta property=\"og:image:height\" content=\"1500\" \/>\n\t<meta property=\"og:image:type\" content=\"image\/jpeg\" \/>\n<meta name=\"twitter:card\" content=\"summary_large_image\" \/>\n<meta name=\"twitter:label1\" content=\"Geschatte leestijd\" \/>\n\t<meta name=\"twitter:data1\" content=\"3 minuten\" \/>\n<script type=\"application\/ld+json\" class=\"yoast-schema-graph\">{\"@context\":\"https:\\\/\\\/schema.org\",\"@graph\":[{\"@type\":\"WebPage\",\"@id\":\"https:\\\/\\\/sapoproducts.nl\\\/i-teamwebshop\\\/product\\\/i-mop-xxl-pro-v22-black-by-i-team-excl-lader-en-batterijen\\\/\",\"url\":\"https:\\\/\\\/sapoproducts.nl\\\/i-teamwebshop\\\/product\\\/i-mop-xxl-pro-v22-black-by-i-team-excl-lader-en-batterijen\\\/\",\"name\":\"i-mop XXL Pro: Krachtige schoonmaakmachine voor grote ruimtes!\",\"isPartOf\":{\"@id\":\"https:\\\/\\\/sapoproducts.nl\\\/i-teamwebshop\\\/#website\"},\"primaryImageOfPage\":{\"@id\":\"https:\\\/\\\/sapoproducts.nl\\\/i-teamwebshop\\\/product\\\/i-mop-xxl-pro-v22-black-by-i-team-excl-lader-en-batterijen\\\/#primaryimage\"},\"image\":{\"@id\":\"https:\\\/\\\/sapoproducts.nl\\\/i-teamwebshop\\\/product\\\/i-mop-xxl-pro-v22-black-by-i-team-excl-lader-en-batterijen\\\/#primaryimage\"},\"thumbnailUrl\":\"https:\\\/\\\/sapoproducts.nl\\\/i-teamwebshop\\\/wp-content\\\/uploads\\\/2022\\\/08\\\/white-i-Mop-XXL-PRO-V22-PV-Angled-Parked-Left-Front_ONLINE.jpg\",\"datePublished\":\"2022-08-16T08:37:17+00:00\",\"dateModified\":\"2025-09-09T13:42:09+00:00\",\"description\":\"Reinig tot 2300 m\u00b2\\\/uur! Schrobben, zuigen & dweilen in \u00e9\u00e9n. Effici\u00ebnt, hygi\u00ebnisch & gebruiksvriendelijk. #schoonmaak #schrobzuigmachine #i-mop #xxl #pro\",\"breadcrumb\":{\"@id\":\"https:\\\/\\\/sapoproducts.nl\\\/i-teamwebshop\\\/product\\\/i-mop-xxl-pro-v22-black-by-i-team-excl-lader-en-batterijen\\\/#breadcrumb\"},\"inLanguage\":\"nl-NL\",\"potentialAction\":[{\"@type\":\"ReadAction\",\"target\":[\"https:\\\/\\\/sapoproducts.nl\\\/i-teamwebshop\\\/product\\\/i-mop-xxl-pro-v22-black-by-i-team-excl-lader-en-batterijen\\\/\"]}]},{\"@type\":\"ImageObject\",\"inLanguage\":\"nl-NL\",\"@id\":\"https:\\\/\\\/sapoproducts.nl\\\/i-teamwebshop\\\/product\\\/i-mop-xxl-pro-v22-black-by-i-team-excl-lader-en-batterijen\\\/#primaryimage\",\"url\":\"https:\\\/\\\/sapoproducts.nl\\\/i-teamwebshop\\\/wp-content\\\/uploads\\\/2022\\\/08\\\/white-i-Mop-XXL-PRO-V22-PV-Angled-Parked-Left-Front_ONLINE.jpg\",\"contentUrl\":\"https:\\\/\\\/sapoproducts.nl\\\/i-teamwebshop\\\/wp-content\\\/uploads\\\/2022\\\/08\\\/white-i-Mop-XXL-PRO-V22-PV-Angled-Parked-Left-Front_ONLINE.jpg\",\"width\":1500,\"height\":1500},{\"@type\":\"BreadcrumbList\",\"@id\":\"https:\\\/\\\/sapoproducts.nl\\\/i-teamwebshop\\\/product\\\/i-mop-xxl-pro-v22-black-by-i-team-excl-lader-en-batterijen\\\/#breadcrumb\",\"itemListElement\":[{\"@type\":\"ListItem\",\"position\":1,\"name\":\"Home\",\"item\":\"https:\\\/\\\/sapoproducts.nl\\\/i-teamwebshop\\\/\"},{\"@type\":\"ListItem\",\"position\":2,\"name\":\"Shop\",\"item\":\"https:\\\/\\\/sapoproducts.nl\\\/i-teamwebshop\\\/shop\\\/\"},{\"@type\":\"ListItem\",\"position\":3,\"name\":\"i-mop XXL pro V23 *Black* by i-team (excl. lader en batterijen)\"}]},{\"@type\":\"WebSite\",\"@id\":\"https:\\\/\\\/sapoproducts.nl\\\/i-teamwebshop\\\/#website\",\"url\":\"https:\\\/\\\/sapoproducts.nl\\\/i-teamwebshop\\\/\",\"name\":\"Offici\u00eble partner i-teamwebshop by SAPO Products\",\"description\":\"Offici\u00eble i-team partner webshop\",\"publisher\":{\"@id\":\"https:\\\/\\\/sapoproducts.nl\\\/i-teamwebshop\\\/#organization\"},\"potentialAction\":[{\"@type\":\"SearchAction\",\"target\":{\"@type\":\"EntryPoint\",\"urlTemplate\":\"https:\\\/\\\/sapoproducts.nl\\\/i-teamwebshop\\\/?s={search_term_string}\"},\"query-input\":{\"@type\":\"PropertyValueSpecification\",\"valueRequired\":true,\"valueName\":\"search_term_string\"}}],\"inLanguage\":\"nl-NL\"},{\"@type\":\"Organization\",\"@id\":\"https:\\\/\\\/sapoproducts.nl\\\/i-teamwebshop\\\/#organization\",\"name\":\"i-teamwebshop by SAPO\",\"url\":\"https:\\\/\\\/sapoproducts.nl\\\/i-teamwebshop\\\/\",\"logo\":{\"@type\":\"ImageObject\",\"inLanguage\":\"nl-NL\",\"@id\":\"https:\\\/\\\/sapoproducts.nl\\\/i-teamwebshop\\\/#\\\/schema\\\/logo\\\/image\\\/\",\"url\":\"https:\\\/\\\/sapoproducts.nl\\\/i-teamwebshop\\\/wp-content\\\/uploads\\\/2023\\\/05\\\/logo-i-team.jpg\",\"contentUrl\":\"https:\\\/\\\/sapoproducts.nl\\\/i-teamwebshop\\\/wp-content\\\/uploads\\\/2023\\\/05\\\/logo-i-team.jpg\",\"width\":380,\"height\":325,\"caption\":\"i-teamwebshop by SAPO\"},\"image\":{\"@id\":\"https:\\\/\\\/sapoproducts.nl\\\/i-teamwebshop\\\/#\\\/schema\\\/logo\\\/image\\\/\"}}]}<\/script>\n<!-- \/ Yoast SEO plugin. -->","yoast_head_json":{"title":"i-mop XXL Pro: Krachtige schoonmaakmachine voor grote ruimtes!","description":"Reinig tot 2300 m\u00b2\/uur! Schrobben, zuigen & dweilen in \u00e9\u00e9n. Effici\u00ebnt, hygi\u00ebnisch & gebruiksvriendelijk. #schoonmaak #schrobzuigmachine #i-mop #xxl #pro","robots":{"index":"index","follow":"follow","max-snippet":"max-snippet:-1","max-image-preview":"max-image-preview:large","max-video-preview":"max-video-preview:-1"},"canonical":"https:\/\/sapoproducts.nl\/i-teamwebshop\/product\/i-mop-xxl-pro-v22-black-by-i-team-excl-lader-en-batterijen\/","og_locale":"nl_NL","og_type":"article","og_title":"i-mop XXL Pro: Krachtige schoonmaakmachine voor grote ruimtes!","og_description":"Reinig tot 2300 m\u00b2\/uur! Schrobben, zuigen & dweilen in \u00e9\u00e9n. Effici\u00ebnt, hygi\u00ebnisch & gebruiksvriendelijk. #schoonmaak #schrobzuigmachine #i-mop #xxl #pro","og_url":"https:\/\/sapoproducts.nl\/i-teamwebshop\/product\/i-mop-xxl-pro-v22-black-by-i-team-excl-lader-en-batterijen\/","og_site_name":"Offici\u00eble partner i-teamwebshop by SAPO Products","article_modified_time":"2025-09-09T13:42:09+00:00","og_image":[{"width":1500,"height":1500,"url":"https:\/\/sapoproducts.nl\/i-teamwebshop\/wp-content\/uploads\/2022\/08\/white-i-Mop-XXL-PRO-V22-PV-Angled-Parked-Left-Front_ONLINE.jpg","type":"image\/jpeg"}],"twitter_card":"summary_large_image","twitter_misc":{"Geschatte leestijd":"3 minuten"},"schema":{"@context":"https:\/\/schema.org","@graph":[{"@type":"WebPage","@id":"https:\/\/sapoproducts.nl\/i-teamwebshop\/product\/i-mop-xxl-pro-v22-black-by-i-team-excl-lader-en-batterijen\/","url":"https:\/\/sapoproducts.nl\/i-teamwebshop\/product\/i-mop-xxl-pro-v22-black-by-i-team-excl-lader-en-batterijen\/","name":"i-mop XXL Pro: Krachtige schoonmaakmachine voor grote ruimtes!","isPartOf":{"@id":"https:\/\/sapoproducts.nl\/i-teamwebshop\/#website"},"primaryImageOfPage":{"@id":"https:\/\/sapoproducts.nl\/i-teamwebshop\/product\/i-mop-xxl-pro-v22-black-by-i-team-excl-lader-en-batterijen\/#primaryimage"},"image":{"@id":"https:\/\/sapoproducts.nl\/i-teamwebshop\/product\/i-mop-xxl-pro-v22-black-by-i-team-excl-lader-en-batterijen\/#primaryimage"},"thumbnailUrl":"https:\/\/sapoproducts.nl\/i-teamwebshop\/wp-content\/uploads\/2022\/08\/white-i-Mop-XXL-PRO-V22-PV-Angled-Parked-Left-Front_ONLINE.jpg","datePublished":"2022-08-16T08:37:17+00:00","dateModified":"2025-09-09T13:42:09+00:00","description":"Reinig tot 2300 m\u00b2\/uur! Schrobben, zuigen & dweilen in \u00e9\u00e9n. Effici\u00ebnt, hygi\u00ebnisch & gebruiksvriendelijk. #schoonmaak #schrobzuigmachine #i-mop #xxl #pro","breadcrumb":{"@id":"https:\/\/sapoproducts.nl\/i-teamwebshop\/product\/i-mop-xxl-pro-v22-black-by-i-team-excl-lader-en-batterijen\/#breadcrumb"},"inLanguage":"nl-NL","potentialAction":[{"@type":"ReadAction","target":["https:\/\/sapoproducts.nl\/i-teamwebshop\/product\/i-mop-xxl-pro-v22-black-by-i-team-excl-lader-en-batterijen\/"]}]},{"@type":"ImageObject","inLanguage":"nl-NL","@id":"https:\/\/sapoproducts.nl\/i-teamwebshop\/product\/i-mop-xxl-pro-v22-black-by-i-team-excl-lader-en-batterijen\/#primaryimage","url":"https:\/\/sapoproducts.nl\/i-teamwebshop\/wp-content\/uploads\/2022\/08\/white-i-Mop-XXL-PRO-V22-PV-Angled-Parked-Left-Front_ONLINE.jpg","contentUrl":"https:\/\/sapoproducts.nl\/i-teamwebshop\/wp-content\/uploads\/2022\/08\/white-i-Mop-XXL-PRO-V22-PV-Angled-Parked-Left-Front_ONLINE.jpg","width":1500,"height":1500},{"@type":"BreadcrumbList","@id":"https:\/\/sapoproducts.nl\/i-teamwebshop\/product\/i-mop-xxl-pro-v22-black-by-i-team-excl-lader-en-batterijen\/#breadcrumb","itemListElement":[{"@type":"ListItem","position":1,"name":"Home","item":"https:\/\/sapoproducts.nl\/i-teamwebshop\/"},{"@type":"ListItem","position":2,"name":"Shop","item":"https:\/\/sapoproducts.nl\/i-teamwebshop\/shop\/"},{"@type":"ListItem","position":3,"name":"i-mop XXL pro V23 *Black* by i-team (excl. lader en batterijen)"}]},{"@type":"WebSite","@id":"https:\/\/sapoproducts.nl\/i-teamwebshop\/#website","url":"https:\/\/sapoproducts.nl\/i-teamwebshop\/","name":"Offici\u00eble partner i-teamwebshop by SAPO Products","description":"Offici\u00eble i-team partner webshop","publisher":{"@id":"https:\/\/sapoproducts.nl\/i-teamwebshop\/#organization"},"potentialAction":[{"@type":"SearchAction","target":{"@type":"EntryPoint","urlTemplate":"https:\/\/sapoproducts.nl\/i-teamwebshop\/?s={search_term_string}"},"query-input":{"@type":"PropertyValueSpecification","valueRequired":true,"valueName":"search_term_string"}}],"inLanguage":"nl-NL"},{"@type":"Organization","@id":"https:\/\/sapoproducts.nl\/i-teamwebshop\/#organization","name":"i-teamwebshop by SAPO","url":"https:\/\/sapoproducts.nl\/i-teamwebshop\/","logo":{"@type":"ImageObject","inLanguage":"nl-NL","@id":"https:\/\/sapoproducts.nl\/i-teamwebshop\/#\/schema\/logo\/image\/","url":"https:\/\/sapoproducts.nl\/i-teamwebshop\/wp-content\/uploads\/2023\/05\/logo-i-team.jpg","contentUrl":"https:\/\/sapoproducts.nl\/i-teamwebshop\/wp-content\/uploads\/2023\/05\/logo-i-team.jpg","width":380,"height":325,"caption":"i-teamwebshop by SAPO"},"image":{"@id":"https:\/\/sapoproducts.nl\/i-teamwebshop\/#\/schema\/logo\/image\/"}}]}},"_links":{"self":[{"href":"https:\/\/sapoproducts.nl\/i-teamwebshop\/wp-json\/wp\/v2\/product\/1168","targetHints":{"allow":["GET"]}}],"collection":[{"href":"https:\/\/sapoproducts.nl\/i-teamwebshop\/wp-json\/wp\/v2\/product"}],"about":[{"href":"https:\/\/sapoproducts.nl\/i-teamwebshop\/wp-json\/wp\/v2\/types\/product"}],"replies":[{"embeddable":true,"href":"https:\/\/sapoproducts.nl\/i-teamwebshop\/wp-json\/wp\/v2\/comments?post=1168"}],"wp:featuredmedia":[{"embeddable":true,"href":"https:\/\/sapoproducts.nl\/i-teamwebshop\/wp-json\/wp\/v2\/media\/1480"}],"wp:attachment":[{"href":"https:\/\/sapoproducts.nl\/i-teamwebshop\/wp-json\/wp\/v2\/media?parent=1168"}],"wp:term":[{"taxonomy":"product_brand","embeddable":true,"href":"https:\/\/sapoproducts.nl\/i-teamwebshop\/wp-json\/wp\/v2\/product_brand?post=1168"},{"taxonomy":"product_cat","embeddable":true,"href":"https:\/\/sapoproducts.nl\/i-teamwebshop\/wp-json\/wp\/v2\/product_cat?post=1168"},{"taxonomy":"product_tag","embeddable":true,"href":"https:\/\/sapoproducts.nl\/i-teamwebshop\/wp-json\/wp\/v2\/product_tag?post=1168"}],"curies":[{"name":"wp","href":"https:\/\/api.w.org\/{rel}","templated":true}]}}