{"id":1329,"date":"2023-02-02T16:33:03","date_gmt":"2023-02-02T16:33:03","guid":{"rendered":"https:\/\/sapoproducts.nl\/i-teamwebshop\/?post_type=product&#038;p=1329"},"modified":"2025-02-11T09:24:17","modified_gmt":"2025-02-11T09:24:17","slug":"i-mop-padhouder-lite-by-i-team-set-a-2-stuks","status":"publish","type":"product","link":"https:\/\/sapoproducts.nl\/i-teamwebshop\/product\/i-mop-padhouder-lite-by-i-team-set-a-2-stuks\/","title":{"rendered":"i-mop padhouder Lite by i-team &#8211; set \u00e1 2 stuks"},"content":{"rendered":"<section class=\"page-product-box\">\n<div class=\"rte\">\n<p>i-mop padhouder XL by i-team &#8211; set \u00e1 2 stuks<\/p>\n<\/div>\n<\/section>\n","protected":false},"excerpt":{"rendered":"<p>i-mop padhouder XL by i-team &#8211; set \u00e1 2 stuks<\/p>\n","protected":false},"featured_media":1330,"comment_status":"open","ping_status":"closed","template":"","meta":{"_et_pb_use_builder":"","_et_pb_old_content":"","_et_gb_content_width":"","_monsterinsights_skip_tracking":false,"_monsterinsights_sitenote_active":false,"_monsterinsights_sitenote_note":"","_monsterinsights_sitenote_category":0},"product_brand":[],"product_cat":[32],"product_tag":[],"class_list":{"0":"post-1329","1":"product","2":"type-product","3":"status-publish","4":"has-post-thumbnail","6":"product_cat-i-mop-lite","8":"first","9":"instock","10":"taxable","11":"shipping-taxable","12":"purchasable","13":"product-type-simple"},"yoast_head":"<!-- This site is optimized with the Yoast SEO plugin v27.4 - https:\/\/yoast.com\/product\/yoast-seo-wordpress\/ -->\n<title>i-mop padhouder Lite by i-team - set \u00e1 2 stuks - Offici\u00eble partner i-teamwebshop by SAPO Products<\/title>\n<meta name=\"robots\" content=\"index, follow, max-snippet:-1, max-image-preview:large, max-video-preview:-1\" \/>\n<link rel=\"canonical\" href=\"https:\/\/sapoproducts.nl\/i-teamwebshop\/product\/i-mop-padhouder-lite-by-i-team-set-a-2-stuks\/\" \/>\n<meta property=\"og:locale\" content=\"nl_NL\" \/>\n<meta property=\"og:type\" content=\"article\" \/>\n<meta property=\"og:title\" content=\"i-mop padhouder Lite by i-team - set \u00e1 2 stuks - Offici\u00eble partner i-teamwebshop by SAPO Products\" \/>\n<meta property=\"og:description\" content=\"i-mop padhouder XL by i-team &#8211; set \u00e1 2 stuks\" \/>\n<meta property=\"og:url\" content=\"https:\/\/sapoproducts.nl\/i-teamwebshop\/product\/i-mop-padhouder-lite-by-i-team-set-a-2-stuks\/\" \/>\n<meta property=\"og:site_name\" content=\"Offici\u00eble partner i-teamwebshop by SAPO Products\" \/>\n<meta property=\"article:modified_time\" content=\"2025-02-11T09:24:17+00:00\" \/>\n<meta property=\"og:image\" content=\"https:\/\/sapoproducts.nl\/i-teamwebshop\/wp-content\/uploads\/2023\/02\/i-mop-padhouder-xl-by-i-team-set-a-2-stuks.jpg\" \/>\n\t<meta property=\"og:image:width\" content=\"800\" \/>\n\t<meta property=\"og:image:height\" content=\"800\" \/>\n\t<meta property=\"og:image:type\" content=\"image\/jpeg\" \/>\n<meta name=\"twitter:card\" content=\"summary_large_image\" \/>\n<meta name=\"twitter:label1\" content=\"Geschatte leestijd\" \/>\n\t<meta name=\"twitter:data1\" content=\"1 minuut\" \/>\n<script type=\"application\/ld+json\" class=\"yoast-schema-graph\">{\"@context\":\"https:\\\/\\\/schema.org\",\"@graph\":[{\"@type\":\"WebPage\",\"@id\":\"https:\\\/\\\/sapoproducts.nl\\\/i-teamwebshop\\\/product\\\/i-mop-padhouder-lite-by-i-team-set-a-2-stuks\\\/\",\"url\":\"https:\\\/\\\/sapoproducts.nl\\\/i-teamwebshop\\\/product\\\/i-mop-padhouder-lite-by-i-team-set-a-2-stuks\\\/\",\"name\":\"i-mop padhouder Lite by i-team - set \u00e1 2 stuks - Offici\u00eble partner i-teamwebshop by SAPO Products\",\"isPartOf\":{\"@id\":\"https:\\\/\\\/sapoproducts.nl\\\/i-teamwebshop\\\/#website\"},\"primaryImageOfPage\":{\"@id\":\"https:\\\/\\\/sapoproducts.nl\\\/i-teamwebshop\\\/product\\\/i-mop-padhouder-lite-by-i-team-set-a-2-stuks\\\/#primaryimage\"},\"image\":{\"@id\":\"https:\\\/\\\/sapoproducts.nl\\\/i-teamwebshop\\\/product\\\/i-mop-padhouder-lite-by-i-team-set-a-2-stuks\\\/#primaryimage\"},\"thumbnailUrl\":\"https:\\\/\\\/sapoproducts.nl\\\/i-teamwebshop\\\/wp-content\\\/uploads\\\/2023\\\/02\\\/i-mop-padhouder-xl-by-i-team-set-a-2-stuks.jpg\",\"datePublished\":\"2023-02-02T16:33:03+00:00\",\"dateModified\":\"2025-02-11T09:24:17+00:00\",\"breadcrumb\":{\"@id\":\"https:\\\/\\\/sapoproducts.nl\\\/i-teamwebshop\\\/product\\\/i-mop-padhouder-lite-by-i-team-set-a-2-stuks\\\/#breadcrumb\"},\"inLanguage\":\"nl-NL\",\"potentialAction\":[{\"@type\":\"ReadAction\",\"target\":[\"https:\\\/\\\/sapoproducts.nl\\\/i-teamwebshop\\\/product\\\/i-mop-padhouder-lite-by-i-team-set-a-2-stuks\\\/\"]}]},{\"@type\":\"ImageObject\",\"inLanguage\":\"nl-NL\",\"@id\":\"https:\\\/\\\/sapoproducts.nl\\\/i-teamwebshop\\\/product\\\/i-mop-padhouder-lite-by-i-team-set-a-2-stuks\\\/#primaryimage\",\"url\":\"https:\\\/\\\/sapoproducts.nl\\\/i-teamwebshop\\\/wp-content\\\/uploads\\\/2023\\\/02\\\/i-mop-padhouder-xl-by-i-team-set-a-2-stuks.jpg\",\"contentUrl\":\"https:\\\/\\\/sapoproducts.nl\\\/i-teamwebshop\\\/wp-content\\\/uploads\\\/2023\\\/02\\\/i-mop-padhouder-xl-by-i-team-set-a-2-stuks.jpg\",\"width\":800,\"height\":800},{\"@type\":\"BreadcrumbList\",\"@id\":\"https:\\\/\\\/sapoproducts.nl\\\/i-teamwebshop\\\/product\\\/i-mop-padhouder-lite-by-i-team-set-a-2-stuks\\\/#breadcrumb\",\"itemListElement\":[{\"@type\":\"ListItem\",\"position\":1,\"name\":\"Home\",\"item\":\"https:\\\/\\\/sapoproducts.nl\\\/i-teamwebshop\\\/\"},{\"@type\":\"ListItem\",\"position\":2,\"name\":\"Shop\",\"item\":\"https:\\\/\\\/sapoproducts.nl\\\/i-teamwebshop\\\/shop\\\/\"},{\"@type\":\"ListItem\",\"position\":3,\"name\":\"i-mop padhouder Lite by i-team &#8211; set \u00e1 2 stuks\"}]},{\"@type\":\"WebSite\",\"@id\":\"https:\\\/\\\/sapoproducts.nl\\\/i-teamwebshop\\\/#website\",\"url\":\"https:\\\/\\\/sapoproducts.nl\\\/i-teamwebshop\\\/\",\"name\":\"Offici\u00eble partner i-teamwebshop by SAPO Products\",\"description\":\"Offici\u00eble i-team partner webshop\",\"publisher\":{\"@id\":\"https:\\\/\\\/sapoproducts.nl\\\/i-teamwebshop\\\/#organization\"},\"potentialAction\":[{\"@type\":\"SearchAction\",\"target\":{\"@type\":\"EntryPoint\",\"urlTemplate\":\"https:\\\/\\\/sapoproducts.nl\\\/i-teamwebshop\\\/?s={search_term_string}\"},\"query-input\":{\"@type\":\"PropertyValueSpecification\",\"valueRequired\":true,\"valueName\":\"search_term_string\"}}],\"inLanguage\":\"nl-NL\"},{\"@type\":\"Organization\",\"@id\":\"https:\\\/\\\/sapoproducts.nl\\\/i-teamwebshop\\\/#organization\",\"name\":\"i-teamwebshop by SAPO\",\"url\":\"https:\\\/\\\/sapoproducts.nl\\\/i-teamwebshop\\\/\",\"logo\":{\"@type\":\"ImageObject\",\"inLanguage\":\"nl-NL\",\"@id\":\"https:\\\/\\\/sapoproducts.nl\\\/i-teamwebshop\\\/#\\\/schema\\\/logo\\\/image\\\/\",\"url\":\"https:\\\/\\\/sapoproducts.nl\\\/i-teamwebshop\\\/wp-content\\\/uploads\\\/2023\\\/05\\\/logo-i-team.jpg\",\"contentUrl\":\"https:\\\/\\\/sapoproducts.nl\\\/i-teamwebshop\\\/wp-content\\\/uploads\\\/2023\\\/05\\\/logo-i-team.jpg\",\"width\":380,\"height\":325,\"caption\":\"i-teamwebshop by SAPO\"},\"image\":{\"@id\":\"https:\\\/\\\/sapoproducts.nl\\\/i-teamwebshop\\\/#\\\/schema\\\/logo\\\/image\\\/\"}}]}<\/script>\n<!-- \/ Yoast SEO plugin. -->","yoast_head_json":{"title":"i-mop padhouder Lite by i-team - set \u00e1 2 stuks - Offici\u00eble partner i-teamwebshop by SAPO Products","robots":{"index":"index","follow":"follow","max-snippet":"max-snippet:-1","max-image-preview":"max-image-preview:large","max-video-preview":"max-video-preview:-1"},"canonical":"https:\/\/sapoproducts.nl\/i-teamwebshop\/product\/i-mop-padhouder-lite-by-i-team-set-a-2-stuks\/","og_locale":"nl_NL","og_type":"article","og_title":"i-mop padhouder Lite by i-team - set \u00e1 2 stuks - Offici\u00eble partner i-teamwebshop by SAPO Products","og_description":"i-mop padhouder XL by i-team &#8211; set \u00e1 2 stuks","og_url":"https:\/\/sapoproducts.nl\/i-teamwebshop\/product\/i-mop-padhouder-lite-by-i-team-set-a-2-stuks\/","og_site_name":"Offici\u00eble partner i-teamwebshop by SAPO Products","article_modified_time":"2025-02-11T09:24:17+00:00","og_image":[{"width":800,"height":800,"url":"https:\/\/sapoproducts.nl\/i-teamwebshop\/wp-content\/uploads\/2023\/02\/i-mop-padhouder-xl-by-i-team-set-a-2-stuks.jpg","type":"image\/jpeg"}],"twitter_card":"summary_large_image","twitter_misc":{"Geschatte leestijd":"1 minuut"},"schema":{"@context":"https:\/\/schema.org","@graph":[{"@type":"WebPage","@id":"https:\/\/sapoproducts.nl\/i-teamwebshop\/product\/i-mop-padhouder-lite-by-i-team-set-a-2-stuks\/","url":"https:\/\/sapoproducts.nl\/i-teamwebshop\/product\/i-mop-padhouder-lite-by-i-team-set-a-2-stuks\/","name":"i-mop padhouder Lite by i-team - set \u00e1 2 stuks - Offici\u00eble partner i-teamwebshop by SAPO Products","isPartOf":{"@id":"https:\/\/sapoproducts.nl\/i-teamwebshop\/#website"},"primaryImageOfPage":{"@id":"https:\/\/sapoproducts.nl\/i-teamwebshop\/product\/i-mop-padhouder-lite-by-i-team-set-a-2-stuks\/#primaryimage"},"image":{"@id":"https:\/\/sapoproducts.nl\/i-teamwebshop\/product\/i-mop-padhouder-lite-by-i-team-set-a-2-stuks\/#primaryimage"},"thumbnailUrl":"https:\/\/sapoproducts.nl\/i-teamwebshop\/wp-content\/uploads\/2023\/02\/i-mop-padhouder-xl-by-i-team-set-a-2-stuks.jpg","datePublished":"2023-02-02T16:33:03+00:00","dateModified":"2025-02-11T09:24:17+00:00","breadcrumb":{"@id":"https:\/\/sapoproducts.nl\/i-teamwebshop\/product\/i-mop-padhouder-lite-by-i-team-set-a-2-stuks\/#breadcrumb"},"inLanguage":"nl-NL","potentialAction":[{"@type":"ReadAction","target":["https:\/\/sapoproducts.nl\/i-teamwebshop\/product\/i-mop-padhouder-lite-by-i-team-set-a-2-stuks\/"]}]},{"@type":"ImageObject","inLanguage":"nl-NL","@id":"https:\/\/sapoproducts.nl\/i-teamwebshop\/product\/i-mop-padhouder-lite-by-i-team-set-a-2-stuks\/#primaryimage","url":"https:\/\/sapoproducts.nl\/i-teamwebshop\/wp-content\/uploads\/2023\/02\/i-mop-padhouder-xl-by-i-team-set-a-2-stuks.jpg","contentUrl":"https:\/\/sapoproducts.nl\/i-teamwebshop\/wp-content\/uploads\/2023\/02\/i-mop-padhouder-xl-by-i-team-set-a-2-stuks.jpg","width":800,"height":800},{"@type":"BreadcrumbList","@id":"https:\/\/sapoproducts.nl\/i-teamwebshop\/product\/i-mop-padhouder-lite-by-i-team-set-a-2-stuks\/#breadcrumb","itemListElement":[{"@type":"ListItem","position":1,"name":"Home","item":"https:\/\/sapoproducts.nl\/i-teamwebshop\/"},{"@type":"ListItem","position":2,"name":"Shop","item":"https:\/\/sapoproducts.nl\/i-teamwebshop\/shop\/"},{"@type":"ListItem","position":3,"name":"i-mop padhouder Lite by i-team &#8211; set \u00e1 2 stuks"}]},{"@type":"WebSite","@id":"https:\/\/sapoproducts.nl\/i-teamwebshop\/#website","url":"https:\/\/sapoproducts.nl\/i-teamwebshop\/","name":"Offici\u00eble partner i-teamwebshop by SAPO Products","description":"Offici\u00eble i-team partner webshop","publisher":{"@id":"https:\/\/sapoproducts.nl\/i-teamwebshop\/#organization"},"potentialAction":[{"@type":"SearchAction","target":{"@type":"EntryPoint","urlTemplate":"https:\/\/sapoproducts.nl\/i-teamwebshop\/?s={search_term_string}"},"query-input":{"@type":"PropertyValueSpecification","valueRequired":true,"valueName":"search_term_string"}}],"inLanguage":"nl-NL"},{"@type":"Organization","@id":"https:\/\/sapoproducts.nl\/i-teamwebshop\/#organization","name":"i-teamwebshop by SAPO","url":"https:\/\/sapoproducts.nl\/i-teamwebshop\/","logo":{"@type":"ImageObject","inLanguage":"nl-NL","@id":"https:\/\/sapoproducts.nl\/i-teamwebshop\/#\/schema\/logo\/image\/","url":"https:\/\/sapoproducts.nl\/i-teamwebshop\/wp-content\/uploads\/2023\/05\/logo-i-team.jpg","contentUrl":"https:\/\/sapoproducts.nl\/i-teamwebshop\/wp-content\/uploads\/2023\/05\/logo-i-team.jpg","width":380,"height":325,"caption":"i-teamwebshop by SAPO"},"image":{"@id":"https:\/\/sapoproducts.nl\/i-teamwebshop\/#\/schema\/logo\/image\/"}}]}},"_links":{"self":[{"href":"https:\/\/sapoproducts.nl\/i-teamwebshop\/wp-json\/wp\/v2\/product\/1329","targetHints":{"allow":["GET"]}}],"collection":[{"href":"https:\/\/sapoproducts.nl\/i-teamwebshop\/wp-json\/wp\/v2\/product"}],"about":[{"href":"https:\/\/sapoproducts.nl\/i-teamwebshop\/wp-json\/wp\/v2\/types\/product"}],"replies":[{"embeddable":true,"href":"https:\/\/sapoproducts.nl\/i-teamwebshop\/wp-json\/wp\/v2\/comments?post=1329"}],"wp:featuredmedia":[{"embeddable":true,"href":"https:\/\/sapoproducts.nl\/i-teamwebshop\/wp-json\/wp\/v2\/media\/1330"}],"wp:attachment":[{"href":"https:\/\/sapoproducts.nl\/i-teamwebshop\/wp-json\/wp\/v2\/media?parent=1329"}],"wp:term":[{"taxonomy":"product_brand","embeddable":true,"href":"https:\/\/sapoproducts.nl\/i-teamwebshop\/wp-json\/wp\/v2\/product_brand?post=1329"},{"taxonomy":"product_cat","embeddable":true,"href":"https:\/\/sapoproducts.nl\/i-teamwebshop\/wp-json\/wp\/v2\/product_cat?post=1329"},{"taxonomy":"product_tag","embeddable":true,"href":"https:\/\/sapoproducts.nl\/i-teamwebshop\/wp-json\/wp\/v2\/product_tag?post=1329"}],"curies":[{"name":"wp","href":"https:\/\/api.w.org\/{rel}","templated":true}]}}