{"id":378,"date":"2020-12-18T14:37:22","date_gmt":"2020-12-18T14:37:22","guid":{"rendered":"https:\/\/sapoproducts.nl\/i-teamwebshop\/?post_type=product&#038;p=378"},"modified":"2025-09-09T09:08:22","modified_gmt":"2025-09-09T09:08:22","slug":"i-team-i-power-9-white-right","status":"publish","type":"product","link":"https:\/\/sapoproducts.nl\/i-teamwebshop\/product\/i-team-i-power-9-white-right\/","title":{"rendered":"i-power 9 WHITE (RIGHT) by i-team"},"content":{"rendered":"<h3><span style=\"color: #009dca;\">i-power 9<\/span><\/h3>\n<p>Wij rusten nu standaard al onze apparaten uit met een revolutionair concept: de i-power, onze snoerloze voedingsbron. We zijn begonnen met de i-mop XL en breiden het concept nu uit naar ons nieuwe productassortiment. Zodat u bij elke schoonmaaktaak niet gebonden bent aan een stopcontact en meer bewegingsvrijheid hebt, waar en wanneer u maar wilt.<\/p>\n<h3><span style=\"color: #009dca;\">Verwisselbare accu&#8217;s<\/span><\/h3>\n<p>i-power accusets zijn geschikt voor alle apparaten in ons assortiment die op accu&#8217;s werken. De accu&#8217;s kunnen razendsnel worden vervangen. U kunt kiezen uit twee accu&#8217;s: i-power 9 &amp; 14. Afhankelijk van het vermogen dat u nodig hebt, kunt u combineren en matchen.<\/p>\n<h3><span style=\"color: #009dca;\">Tijd besparen<\/span><\/h3>\n<p>De i-power accu&#8217;s kunnen u kostbare tijd besparen. Stel dat u een hotel stofzuigt. Dan moet u in elke kamer het snoer afrollen, de stekker in het stopcontact steken en hem er weer uithalen en het snoer weer oprollen. Deze gang van zaken neemt elke keer 30 seconden in beslag. In een hotel met 20 kamers levert i-power u een besparing op tot \u20ac 1000 per jaar.<\/p>\n<h3><span style=\"color: #009dca;\">E\u00e9n voor allen<\/span><\/h3>\n<p>E\u00e9n set accu&#8217;s en \u00e9\u00e9n lader zijn voldoende voor een compleet vloerreinigingssysteem. Onze i-power accu&#8217;s voeden de i-mop, i-vac 5B, i-vac 9b, i-gum B en de i-light XL.<\/p>\n<p>&nbsp;<\/p>\n<h3><span style=\"color: #009dca;\">Technische specificaties<\/span><\/h3>\n<p><strong>i-power 9<\/strong> 24 V &#8211; 8,8 Ah<br \/>\ni-power 14 25,2 V, 14 Ah<br \/>\nGebruiksduur i-mop XL<strong> i-power 9<\/strong> is 60-70 minuten<br \/>\nGebruiksduur i-mop XXL i-power 14 is 60 minuten<br \/>\nGebruiksduur i-light XL <strong>i-power 9<\/strong> is 25 uur<br \/>\nGebruiksduur i-gum B i-power 14 is 40 minuten<br \/>\nGebruiksduur i-vac 5B i-power 14 is 40 minuten<br \/>\nGebruiksduur i-vac 9B\u00a0 i-power 14 is 80 minuten<br \/>\nGebruiksduur i-vac 4b Move i-power 14 is 40 minuten<br \/>\nGebruiksduur i-scrub 30EM Pro <strong>\u00a0i-power 9<\/strong> is 119 minuten<br \/>\nGebruiksduur i-gum B i-power 14 is 40 minuten<br \/>\nGebruiksduur i-vac 5B i-power 14 is 40 minuten<br \/>\nGebruiksduur i-vac 9B i-power 14 is 80 minuten<br \/>\nGebruiksduur i-vac 4b Move i-power 14 is 40 minuten<br \/>\nGebruiksduur i-scrub 30EM Pro<strong> i-power 9 i<\/strong>s 119 minuten<br \/>\nGebruiksduur i-fogger <strong>i-power 14 i<\/strong>s 50 minuten<\/p>\n<p>&nbsp;<\/p>\n","protected":false},"excerpt":{"rendered":"<p>Wij rusten nu standaard al onze apparaten uit met een revolutionair concept: de i-power, onze snoerloze voedingsbron. We zijn begonnen met de i-mop XL en breiden het concept nu uit naar ons nieuwe productassortiment. Zodat u bij elke schoonmaaktaak niet gebonden bent aan een stopcontact en meer bewegingsvrijheid hebt, waar en wanneer u maar wilt.<\/p>\n","protected":false},"featured_media":531,"comment_status":"open","ping_status":"closed","template":"","meta":{"_et_pb_use_builder":"","_et_pb_old_content":"","_et_gb_content_width":"","_monsterinsights_skip_tracking":false,"_monsterinsights_sitenote_active":false,"_monsterinsights_sitenote_note":"","_monsterinsights_sitenote_category":0},"product_brand":[],"product_cat":[54],"product_tag":[35,56],"class_list":{"0":"post-378","1":"product","2":"type-product","3":"status-publish","4":"has-post-thumbnail","6":"product_cat-i-power","7":"product_tag-i-power","8":"product_tag-i-power-9","10":"first","11":"instock","12":"taxable","13":"shipping-taxable","14":"purchasable","15":"product-type-simple"},"yoast_head":"<!-- This site is optimized with the Yoast SEO plugin v27.5 - https:\/\/yoast.com\/product\/yoast-seo-wordpress\/ -->\n<title>i-power 9 WHITE (RIGHT) by i-team - Offici\u00eble partner i-teamwebshop by SAPO Products<\/title>\n<meta name=\"robots\" content=\"index, follow, max-snippet:-1, max-image-preview:large, max-video-preview:-1\" \/>\n<link rel=\"canonical\" href=\"https:\/\/sapoproducts.nl\/i-teamwebshop\/product\/i-team-i-power-9-white-right\/\" \/>\n<meta property=\"og:locale\" content=\"nl_NL\" \/>\n<meta property=\"og:type\" content=\"article\" \/>\n<meta property=\"og:title\" content=\"i-power 9 WHITE (RIGHT) by i-team - Offici\u00eble partner i-teamwebshop by SAPO Products\" \/>\n<meta property=\"og:description\" content=\"Wij rusten nu standaard al onze apparaten uit met een revolutionair concept: de i-power, onze snoerloze voedingsbron. We zijn begonnen met de i-mop XL en breiden het concept nu uit naar ons nieuwe productassortiment. Zodat u bij elke schoonmaaktaak niet gebonden bent aan een stopcontact en meer bewegingsvrijheid hebt, waar en wanneer u maar wilt.\" \/>\n<meta property=\"og:url\" content=\"https:\/\/sapoproducts.nl\/i-teamwebshop\/product\/i-team-i-power-9-white-right\/\" \/>\n<meta property=\"og:site_name\" content=\"Offici\u00eble partner i-teamwebshop by SAPO Products\" \/>\n<meta property=\"article:modified_time\" content=\"2025-09-09T09:08:22+00:00\" \/>\n<meta property=\"og:image\" content=\"https:\/\/sapoproducts.nl\/i-teamwebshop\/wp-content\/uploads\/2020\/12\/tmpB0FF.jpg\" \/>\n\t<meta property=\"og:image:width\" content=\"1488\" \/>\n\t<meta property=\"og:image:height\" content=\"1488\" \/>\n\t<meta property=\"og:image:type\" content=\"image\/jpeg\" \/>\n<meta name=\"twitter:card\" content=\"summary_large_image\" \/>\n<meta name=\"twitter:label1\" content=\"Geschatte leestijd\" \/>\n\t<meta name=\"twitter:data1\" content=\"3 minuten\" \/>\n<script type=\"application\/ld+json\" class=\"yoast-schema-graph\">{\"@context\":\"https:\\\/\\\/schema.org\",\"@graph\":[{\"@type\":\"WebPage\",\"@id\":\"https:\\\/\\\/sapoproducts.nl\\\/i-teamwebshop\\\/product\\\/i-team-i-power-9-white-right\\\/\",\"url\":\"https:\\\/\\\/sapoproducts.nl\\\/i-teamwebshop\\\/product\\\/i-team-i-power-9-white-right\\\/\",\"name\":\"i-power 9 WHITE (RIGHT) by i-team - Offici\u00eble partner i-teamwebshop by SAPO Products\",\"isPartOf\":{\"@id\":\"https:\\\/\\\/sapoproducts.nl\\\/i-teamwebshop\\\/#website\"},\"primaryImageOfPage\":{\"@id\":\"https:\\\/\\\/sapoproducts.nl\\\/i-teamwebshop\\\/product\\\/i-team-i-power-9-white-right\\\/#primaryimage\"},\"image\":{\"@id\":\"https:\\\/\\\/sapoproducts.nl\\\/i-teamwebshop\\\/product\\\/i-team-i-power-9-white-right\\\/#primaryimage\"},\"thumbnailUrl\":\"https:\\\/\\\/sapoproducts.nl\\\/i-teamwebshop\\\/wp-content\\\/uploads\\\/2020\\\/12\\\/tmpB0FF.jpg\",\"datePublished\":\"2020-12-18T14:37:22+00:00\",\"dateModified\":\"2025-09-09T09:08:22+00:00\",\"breadcrumb\":{\"@id\":\"https:\\\/\\\/sapoproducts.nl\\\/i-teamwebshop\\\/product\\\/i-team-i-power-9-white-right\\\/#breadcrumb\"},\"inLanguage\":\"nl-NL\",\"potentialAction\":[{\"@type\":\"ReadAction\",\"target\":[\"https:\\\/\\\/sapoproducts.nl\\\/i-teamwebshop\\\/product\\\/i-team-i-power-9-white-right\\\/\"]}]},{\"@type\":\"ImageObject\",\"inLanguage\":\"nl-NL\",\"@id\":\"https:\\\/\\\/sapoproducts.nl\\\/i-teamwebshop\\\/product\\\/i-team-i-power-9-white-right\\\/#primaryimage\",\"url\":\"https:\\\/\\\/sapoproducts.nl\\\/i-teamwebshop\\\/wp-content\\\/uploads\\\/2020\\\/12\\\/tmpB0FF.jpg\",\"contentUrl\":\"https:\\\/\\\/sapoproducts.nl\\\/i-teamwebshop\\\/wp-content\\\/uploads\\\/2020\\\/12\\\/tmpB0FF.jpg\",\"width\":1488,\"height\":1488},{\"@type\":\"BreadcrumbList\",\"@id\":\"https:\\\/\\\/sapoproducts.nl\\\/i-teamwebshop\\\/product\\\/i-team-i-power-9-white-right\\\/#breadcrumb\",\"itemListElement\":[{\"@type\":\"ListItem\",\"position\":1,\"name\":\"Home\",\"item\":\"https:\\\/\\\/sapoproducts.nl\\\/i-teamwebshop\\\/\"},{\"@type\":\"ListItem\",\"position\":2,\"name\":\"Shop\",\"item\":\"https:\\\/\\\/sapoproducts.nl\\\/i-teamwebshop\\\/shop\\\/\"},{\"@type\":\"ListItem\",\"position\":3,\"name\":\"i-power 9 WHITE (RIGHT) by i-team\"}]},{\"@type\":\"WebSite\",\"@id\":\"https:\\\/\\\/sapoproducts.nl\\\/i-teamwebshop\\\/#website\",\"url\":\"https:\\\/\\\/sapoproducts.nl\\\/i-teamwebshop\\\/\",\"name\":\"Offici\u00eble partner i-teamwebshop by SAPO Products\",\"description\":\"Offici\u00eble i-team partner webshop\",\"publisher\":{\"@id\":\"https:\\\/\\\/sapoproducts.nl\\\/i-teamwebshop\\\/#organization\"},\"potentialAction\":[{\"@type\":\"SearchAction\",\"target\":{\"@type\":\"EntryPoint\",\"urlTemplate\":\"https:\\\/\\\/sapoproducts.nl\\\/i-teamwebshop\\\/?s={search_term_string}\"},\"query-input\":{\"@type\":\"PropertyValueSpecification\",\"valueRequired\":true,\"valueName\":\"search_term_string\"}}],\"inLanguage\":\"nl-NL\"},{\"@type\":\"Organization\",\"@id\":\"https:\\\/\\\/sapoproducts.nl\\\/i-teamwebshop\\\/#organization\",\"name\":\"i-teamwebshop by SAPO\",\"url\":\"https:\\\/\\\/sapoproducts.nl\\\/i-teamwebshop\\\/\",\"logo\":{\"@type\":\"ImageObject\",\"inLanguage\":\"nl-NL\",\"@id\":\"https:\\\/\\\/sapoproducts.nl\\\/i-teamwebshop\\\/#\\\/schema\\\/logo\\\/image\\\/\",\"url\":\"https:\\\/\\\/sapoproducts.nl\\\/i-teamwebshop\\\/wp-content\\\/uploads\\\/2023\\\/05\\\/logo-i-team.jpg\",\"contentUrl\":\"https:\\\/\\\/sapoproducts.nl\\\/i-teamwebshop\\\/wp-content\\\/uploads\\\/2023\\\/05\\\/logo-i-team.jpg\",\"width\":380,\"height\":325,\"caption\":\"i-teamwebshop by SAPO\"},\"image\":{\"@id\":\"https:\\\/\\\/sapoproducts.nl\\\/i-teamwebshop\\\/#\\\/schema\\\/logo\\\/image\\\/\"}}]}<\/script>\n<!-- \/ Yoast SEO plugin. -->","yoast_head_json":{"title":"i-power 9 WHITE (RIGHT) by i-team - Offici\u00eble partner i-teamwebshop by SAPO Products","robots":{"index":"index","follow":"follow","max-snippet":"max-snippet:-1","max-image-preview":"max-image-preview:large","max-video-preview":"max-video-preview:-1"},"canonical":"https:\/\/sapoproducts.nl\/i-teamwebshop\/product\/i-team-i-power-9-white-right\/","og_locale":"nl_NL","og_type":"article","og_title":"i-power 9 WHITE (RIGHT) by i-team - Offici\u00eble partner i-teamwebshop by SAPO Products","og_description":"Wij rusten nu standaard al onze apparaten uit met een revolutionair concept: de i-power, onze snoerloze voedingsbron. We zijn begonnen met de i-mop XL en breiden het concept nu uit naar ons nieuwe productassortiment. Zodat u bij elke schoonmaaktaak niet gebonden bent aan een stopcontact en meer bewegingsvrijheid hebt, waar en wanneer u maar wilt.","og_url":"https:\/\/sapoproducts.nl\/i-teamwebshop\/product\/i-team-i-power-9-white-right\/","og_site_name":"Offici\u00eble partner i-teamwebshop by SAPO Products","article_modified_time":"2025-09-09T09:08:22+00:00","og_image":[{"width":1488,"height":1488,"url":"https:\/\/sapoproducts.nl\/i-teamwebshop\/wp-content\/uploads\/2020\/12\/tmpB0FF.jpg","type":"image\/jpeg"}],"twitter_card":"summary_large_image","twitter_misc":{"Geschatte leestijd":"3 minuten"},"schema":{"@context":"https:\/\/schema.org","@graph":[{"@type":"WebPage","@id":"https:\/\/sapoproducts.nl\/i-teamwebshop\/product\/i-team-i-power-9-white-right\/","url":"https:\/\/sapoproducts.nl\/i-teamwebshop\/product\/i-team-i-power-9-white-right\/","name":"i-power 9 WHITE (RIGHT) by i-team - Offici\u00eble partner i-teamwebshop by SAPO Products","isPartOf":{"@id":"https:\/\/sapoproducts.nl\/i-teamwebshop\/#website"},"primaryImageOfPage":{"@id":"https:\/\/sapoproducts.nl\/i-teamwebshop\/product\/i-team-i-power-9-white-right\/#primaryimage"},"image":{"@id":"https:\/\/sapoproducts.nl\/i-teamwebshop\/product\/i-team-i-power-9-white-right\/#primaryimage"},"thumbnailUrl":"https:\/\/sapoproducts.nl\/i-teamwebshop\/wp-content\/uploads\/2020\/12\/tmpB0FF.jpg","datePublished":"2020-12-18T14:37:22+00:00","dateModified":"2025-09-09T09:08:22+00:00","breadcrumb":{"@id":"https:\/\/sapoproducts.nl\/i-teamwebshop\/product\/i-team-i-power-9-white-right\/#breadcrumb"},"inLanguage":"nl-NL","potentialAction":[{"@type":"ReadAction","target":["https:\/\/sapoproducts.nl\/i-teamwebshop\/product\/i-team-i-power-9-white-right\/"]}]},{"@type":"ImageObject","inLanguage":"nl-NL","@id":"https:\/\/sapoproducts.nl\/i-teamwebshop\/product\/i-team-i-power-9-white-right\/#primaryimage","url":"https:\/\/sapoproducts.nl\/i-teamwebshop\/wp-content\/uploads\/2020\/12\/tmpB0FF.jpg","contentUrl":"https:\/\/sapoproducts.nl\/i-teamwebshop\/wp-content\/uploads\/2020\/12\/tmpB0FF.jpg","width":1488,"height":1488},{"@type":"BreadcrumbList","@id":"https:\/\/sapoproducts.nl\/i-teamwebshop\/product\/i-team-i-power-9-white-right\/#breadcrumb","itemListElement":[{"@type":"ListItem","position":1,"name":"Home","item":"https:\/\/sapoproducts.nl\/i-teamwebshop\/"},{"@type":"ListItem","position":2,"name":"Shop","item":"https:\/\/sapoproducts.nl\/i-teamwebshop\/shop\/"},{"@type":"ListItem","position":3,"name":"i-power 9 WHITE (RIGHT) by i-team"}]},{"@type":"WebSite","@id":"https:\/\/sapoproducts.nl\/i-teamwebshop\/#website","url":"https:\/\/sapoproducts.nl\/i-teamwebshop\/","name":"Offici\u00eble partner i-teamwebshop by SAPO Products","description":"Offici\u00eble i-team partner webshop","publisher":{"@id":"https:\/\/sapoproducts.nl\/i-teamwebshop\/#organization"},"potentialAction":[{"@type":"SearchAction","target":{"@type":"EntryPoint","urlTemplate":"https:\/\/sapoproducts.nl\/i-teamwebshop\/?s={search_term_string}"},"query-input":{"@type":"PropertyValueSpecification","valueRequired":true,"valueName":"search_term_string"}}],"inLanguage":"nl-NL"},{"@type":"Organization","@id":"https:\/\/sapoproducts.nl\/i-teamwebshop\/#organization","name":"i-teamwebshop by SAPO","url":"https:\/\/sapoproducts.nl\/i-teamwebshop\/","logo":{"@type":"ImageObject","inLanguage":"nl-NL","@id":"https:\/\/sapoproducts.nl\/i-teamwebshop\/#\/schema\/logo\/image\/","url":"https:\/\/sapoproducts.nl\/i-teamwebshop\/wp-content\/uploads\/2023\/05\/logo-i-team.jpg","contentUrl":"https:\/\/sapoproducts.nl\/i-teamwebshop\/wp-content\/uploads\/2023\/05\/logo-i-team.jpg","width":380,"height":325,"caption":"i-teamwebshop by SAPO"},"image":{"@id":"https:\/\/sapoproducts.nl\/i-teamwebshop\/#\/schema\/logo\/image\/"}}]}},"_links":{"self":[{"href":"https:\/\/sapoproducts.nl\/i-teamwebshop\/wp-json\/wp\/v2\/product\/378","targetHints":{"allow":["GET"]}}],"collection":[{"href":"https:\/\/sapoproducts.nl\/i-teamwebshop\/wp-json\/wp\/v2\/product"}],"about":[{"href":"https:\/\/sapoproducts.nl\/i-teamwebshop\/wp-json\/wp\/v2\/types\/product"}],"replies":[{"embeddable":true,"href":"https:\/\/sapoproducts.nl\/i-teamwebshop\/wp-json\/wp\/v2\/comments?post=378"}],"wp:featuredmedia":[{"embeddable":true,"href":"https:\/\/sapoproducts.nl\/i-teamwebshop\/wp-json\/wp\/v2\/media\/531"}],"wp:attachment":[{"href":"https:\/\/sapoproducts.nl\/i-teamwebshop\/wp-json\/wp\/v2\/media?parent=378"}],"wp:term":[{"taxonomy":"product_brand","embeddable":true,"href":"https:\/\/sapoproducts.nl\/i-teamwebshop\/wp-json\/wp\/v2\/product_brand?post=378"},{"taxonomy":"product_cat","embeddable":true,"href":"https:\/\/sapoproducts.nl\/i-teamwebshop\/wp-json\/wp\/v2\/product_cat?post=378"},{"taxonomy":"product_tag","embeddable":true,"href":"https:\/\/sapoproducts.nl\/i-teamwebshop\/wp-json\/wp\/v2\/product_tag?post=378"}],"curies":[{"name":"wp","href":"https:\/\/api.w.org\/{rel}","templated":true}]}}