{"id":550,"date":"2020-12-24T11:20:43","date_gmt":"2020-12-24T10:20:43","guid":{"rendered":""},"modified":"2024-02-05T15:02:51","modified_gmt":"2024-02-05T14:02:51","slug":"i-land-l-pro-by-i-team-2","status":"publish","type":"product","link":"https:\/\/sapoproducts.nl\/i-teamwebshop\/product\/i-land-l-pro-by-i-team-2\/","title":{"rendered":"i-land\u2122 S Pro (met luchtbanden) by i-team"},"content":{"rendered":"<blockquote>\n<h2>Koop gewoon uw eigen eiland<\/h2>\n<\/blockquote>\n<p>Vervoer al uw reinigingsproducten en apparatuur op \u00e9\u00e9n kar, zodat u meer gedaan krijgt zonder alles steeds te moeten aanvullen. Bewaar uw i-mop, extra reservoirs, batterijlader, microvezel en meer op deze flexibele en stevige kar. Vergroot uw horizon. Verplaats uw apparatuur nu gemakkelijk op moeilijke plaatsen vol obstakels, zoals bungalowparken, hotels, festivals, oneffen oppervlakken, rotsachtig terrein en kleine besloten ruimten.<\/p>\n<h3><span style=\"color: #009dca;\">Werk sneller<\/span><\/h3>\n<p><span style=\"color: #000000;\">Door al uw schoonmaakgereedschap samen op het i-land te laden, verliest u minder tijd met\u00a0heen en weer lopen naar de opslagruimte.<\/span><strong><br \/>\n<\/strong><\/p>\n<h3><span style=\"color: #009dca;\">Technische <strong>specificaties<\/strong><\/span><\/h3>\n<table id=\"product-attribute-specs-table\" class=\"data-table\">\n<tbody>\n<tr class=\"first odd\">\n<th class=\"label\">Naam<\/th>\n<td class=\"data last\">i-land S Pro (met luchtbanden)<\/td>\n<\/tr>\n<tr class=\"even\">\n<th class=\"label\">Artikelnummer<\/th>\n<td class=\"data last\">ICSP.FCT.0000A<\/td>\n<\/tr>\n<tr class=\"odd\">\n<th class=\"label\">Gewicht<\/th>\n<td class=\"data last\">27,00 kg<\/td>\n<\/tr>\n<tr class=\"even\">\n<th class=\"label\">Afmetingen behuizing (l x b x h)<\/th>\n<td class=\"data last\">66 x 60,5 x 118 cm<\/td>\n<\/tr>\n<tr class=\"odd\">\n<th class=\"label\">Bandenmaat<\/th>\n<td class=\"data last\">25,4 cm \u00d8<\/td>\n<\/tr>\n<tr class=\"even\">\n<th class=\"label\">Materiaal<\/th>\n<td class=\"data last\">Rubber &amp; staal<\/td>\n<\/tr>\n<tr class=\"odd\">\n<th class=\"label\">Sleuven voor apparatuur (beide versies)<\/th>\n<td class=\"data last\">1 sleuf voor i-power batterijlader<br \/>\nof i-light*<\/td>\n<\/tr>\n<tr class=\"even\">\n<th class=\"label\"><\/th>\n<td class=\"data last\">1 i-mop*<\/td>\n<\/tr>\n<tr class=\"odd\">\n<th class=\"label\"><\/th>\n<td class=\"data last\">2 oplossingreservoirs i-mop*<\/td>\n<\/tr>\n<tr class=\"even\">\n<th class=\"label\"><\/th>\n<td class=\"data last\">2 vuilwaterreservoirs i-mop*<\/td>\n<\/tr>\n<tr class=\"odd\">\n<th class=\"label\"><\/th>\n<td class=\"data last\">2 handgrepen*<\/td>\n<\/tr>\n<tr class=\"even\">\n<th class=\"label\"><\/th>\n<td class=\"data last\">1 mandje<\/td>\n<\/tr>\n<tr class=\"odd\">\n<th class=\"label\">Garantie<\/th>\n<td class=\"data last\">1 jaar<\/td>\n<\/tr>\n<tr class=\"even\">\n<th class=\"label\"><\/th>\n<td class=\"data last\"><\/td>\n<\/tr>\n<tr class=\"odd\">\n<th class=\"label\"><\/th>\n<td class=\"data last\"><\/td>\n<\/tr>\n<tr class=\"even\">\n<th class=\"label\"><\/th>\n<td class=\"data last\"><\/td>\n<\/tr>\n<tr class=\"last odd\">\n<th class=\"label\">Opmerkingen<\/th>\n<td class=\"data last\">*Al deze items kunnen afzonderlijk worden besteld<\/td>\n<\/tr>\n<\/tbody>\n<\/table>\n","protected":false},"excerpt":{"rendered":"<p>Vervoer al uw reinigingsproducten en apparatuur op \u00e9\u00e9n kar, zodat u meer gedaan krijgt zonder alles steeds te moeten aanvullen. Bewaar uw i-mop, extra reservoirs, batterijlader, microvezel en meer op deze flexibele en stevige kar. Vergroot uw horizon. Verplaats uw apparatuur nu gemakkelijk op moeilijke plaatsen vol obstakels, zoals bungalowparken, hotels, festivals, oneffen oppervlakken, rotsachtig terrein en kleine besloten ruimten.<\/p>\n","protected":false},"featured_media":551,"comment_status":"open","ping_status":"closed","template":"","meta":{"_et_pb_use_builder":"","_et_pb_old_content":"","_et_gb_content_width":"","_monsterinsights_skip_tracking":false,"_monsterinsights_sitenote_active":false,"_monsterinsights_sitenote_note":"","_monsterinsights_sitenote_category":0},"product_brand":[],"product_cat":[68],"product_tag":[69,70],"class_list":{"0":"post-550","1":"product","2":"type-product","3":"status-publish","4":"has-post-thumbnail","6":"product_cat-i-land","7":"product_tag-i-land","8":"product_tag-i-land-s","10":"first","11":"instock","12":"taxable","13":"shipping-taxable","14":"purchasable","15":"product-type-simple"},"yoast_head":"<!-- This site is optimized with the Yoast SEO plugin v27.5 - https:\/\/yoast.com\/product\/yoast-seo-wordpress\/ -->\n<title>i-land\u2122 S Pro (met luchtbanden) by i-team - Offici\u00eble partner i-teamwebshop by SAPO Products<\/title>\n<meta name=\"robots\" content=\"index, follow, max-snippet:-1, max-image-preview:large, max-video-preview:-1\" \/>\n<link rel=\"canonical\" href=\"https:\/\/sapoproducts.nl\/i-teamwebshop\/product\/i-land-l-pro-by-i-team-2\/\" \/>\n<meta property=\"og:locale\" content=\"nl_NL\" \/>\n<meta property=\"og:type\" content=\"article\" \/>\n<meta property=\"og:title\" content=\"i-land\u2122 S Pro (met luchtbanden) by i-team - Offici\u00eble partner i-teamwebshop by SAPO Products\" \/>\n<meta property=\"og:description\" content=\"Vervoer al uw reinigingsproducten en apparatuur op \u00e9\u00e9n kar, zodat u meer gedaan krijgt zonder alles steeds te moeten aanvullen. Bewaar uw i-mop, extra reservoirs, batterijlader, microvezel en meer op deze flexibele en stevige kar. Vergroot uw horizon. Verplaats uw apparatuur nu gemakkelijk op moeilijke plaatsen vol obstakels, zoals bungalowparken, hotels, festivals, oneffen oppervlakken, rotsachtig terrein en kleine besloten ruimten.\" \/>\n<meta property=\"og:url\" content=\"https:\/\/sapoproducts.nl\/i-teamwebshop\/product\/i-land-l-pro-by-i-team-2\/\" \/>\n<meta property=\"og:site_name\" content=\"Offici\u00eble partner i-teamwebshop by SAPO Products\" \/>\n<meta property=\"article:modified_time\" content=\"2024-02-05T14:02:51+00:00\" \/>\n<meta property=\"og:image\" content=\"https:\/\/sapoproducts.nl\/i-teamwebshop\/wp-content\/uploads\/2020\/12\/i-land-S-Pro-Front.jpg\" \/>\n\t<meta property=\"og:image:width\" content=\"1488\" \/>\n\t<meta property=\"og:image:height\" content=\"2229\" \/>\n\t<meta property=\"og:image:type\" content=\"image\/jpeg\" \/>\n<meta name=\"twitter:card\" content=\"summary_large_image\" \/>\n<meta name=\"twitter:label1\" content=\"Geschatte leestijd\" \/>\n\t<meta name=\"twitter:data1\" content=\"1 minuut\" \/>\n<script type=\"application\/ld+json\" class=\"yoast-schema-graph\">{\"@context\":\"https:\\\/\\\/schema.org\",\"@graph\":[{\"@type\":\"WebPage\",\"@id\":\"https:\\\/\\\/sapoproducts.nl\\\/i-teamwebshop\\\/product\\\/i-land-l-pro-by-i-team-2\\\/\",\"url\":\"https:\\\/\\\/sapoproducts.nl\\\/i-teamwebshop\\\/product\\\/i-land-l-pro-by-i-team-2\\\/\",\"name\":\"i-land\u2122 S Pro (met luchtbanden) by i-team - Offici\u00eble partner i-teamwebshop by SAPO Products\",\"isPartOf\":{\"@id\":\"https:\\\/\\\/sapoproducts.nl\\\/i-teamwebshop\\\/#website\"},\"primaryImageOfPage\":{\"@id\":\"https:\\\/\\\/sapoproducts.nl\\\/i-teamwebshop\\\/product\\\/i-land-l-pro-by-i-team-2\\\/#primaryimage\"},\"image\":{\"@id\":\"https:\\\/\\\/sapoproducts.nl\\\/i-teamwebshop\\\/product\\\/i-land-l-pro-by-i-team-2\\\/#primaryimage\"},\"thumbnailUrl\":\"https:\\\/\\\/sapoproducts.nl\\\/i-teamwebshop\\\/wp-content\\\/uploads\\\/2020\\\/12\\\/i-land-S-Pro-Front.jpg\",\"datePublished\":\"2020-12-24T10:20:43+00:00\",\"dateModified\":\"2024-02-05T14:02:51+00:00\",\"breadcrumb\":{\"@id\":\"https:\\\/\\\/sapoproducts.nl\\\/i-teamwebshop\\\/product\\\/i-land-l-pro-by-i-team-2\\\/#breadcrumb\"},\"inLanguage\":\"nl-NL\",\"potentialAction\":[{\"@type\":\"ReadAction\",\"target\":[\"https:\\\/\\\/sapoproducts.nl\\\/i-teamwebshop\\\/product\\\/i-land-l-pro-by-i-team-2\\\/\"]}]},{\"@type\":\"ImageObject\",\"inLanguage\":\"nl-NL\",\"@id\":\"https:\\\/\\\/sapoproducts.nl\\\/i-teamwebshop\\\/product\\\/i-land-l-pro-by-i-team-2\\\/#primaryimage\",\"url\":\"https:\\\/\\\/sapoproducts.nl\\\/i-teamwebshop\\\/wp-content\\\/uploads\\\/2020\\\/12\\\/i-land-S-Pro-Front.jpg\",\"contentUrl\":\"https:\\\/\\\/sapoproducts.nl\\\/i-teamwebshop\\\/wp-content\\\/uploads\\\/2020\\\/12\\\/i-land-S-Pro-Front.jpg\",\"width\":1488,\"height\":2229},{\"@type\":\"BreadcrumbList\",\"@id\":\"https:\\\/\\\/sapoproducts.nl\\\/i-teamwebshop\\\/product\\\/i-land-l-pro-by-i-team-2\\\/#breadcrumb\",\"itemListElement\":[{\"@type\":\"ListItem\",\"position\":1,\"name\":\"Home\",\"item\":\"https:\\\/\\\/sapoproducts.nl\\\/i-teamwebshop\\\/\"},{\"@type\":\"ListItem\",\"position\":2,\"name\":\"Shop\",\"item\":\"https:\\\/\\\/sapoproducts.nl\\\/i-teamwebshop\\\/shop\\\/\"},{\"@type\":\"ListItem\",\"position\":3,\"name\":\"i-land\u2122 S Pro (met luchtbanden) by i-team\"}]},{\"@type\":\"WebSite\",\"@id\":\"https:\\\/\\\/sapoproducts.nl\\\/i-teamwebshop\\\/#website\",\"url\":\"https:\\\/\\\/sapoproducts.nl\\\/i-teamwebshop\\\/\",\"name\":\"Offici\u00eble partner i-teamwebshop by SAPO Products\",\"description\":\"Offici\u00eble i-team partner webshop\",\"publisher\":{\"@id\":\"https:\\\/\\\/sapoproducts.nl\\\/i-teamwebshop\\\/#organization\"},\"potentialAction\":[{\"@type\":\"SearchAction\",\"target\":{\"@type\":\"EntryPoint\",\"urlTemplate\":\"https:\\\/\\\/sapoproducts.nl\\\/i-teamwebshop\\\/?s={search_term_string}\"},\"query-input\":{\"@type\":\"PropertyValueSpecification\",\"valueRequired\":true,\"valueName\":\"search_term_string\"}}],\"inLanguage\":\"nl-NL\"},{\"@type\":\"Organization\",\"@id\":\"https:\\\/\\\/sapoproducts.nl\\\/i-teamwebshop\\\/#organization\",\"name\":\"i-teamwebshop by SAPO\",\"url\":\"https:\\\/\\\/sapoproducts.nl\\\/i-teamwebshop\\\/\",\"logo\":{\"@type\":\"ImageObject\",\"inLanguage\":\"nl-NL\",\"@id\":\"https:\\\/\\\/sapoproducts.nl\\\/i-teamwebshop\\\/#\\\/schema\\\/logo\\\/image\\\/\",\"url\":\"https:\\\/\\\/sapoproducts.nl\\\/i-teamwebshop\\\/wp-content\\\/uploads\\\/2023\\\/05\\\/logo-i-team.jpg\",\"contentUrl\":\"https:\\\/\\\/sapoproducts.nl\\\/i-teamwebshop\\\/wp-content\\\/uploads\\\/2023\\\/05\\\/logo-i-team.jpg\",\"width\":380,\"height\":325,\"caption\":\"i-teamwebshop by SAPO\"},\"image\":{\"@id\":\"https:\\\/\\\/sapoproducts.nl\\\/i-teamwebshop\\\/#\\\/schema\\\/logo\\\/image\\\/\"}}]}<\/script>\n<!-- \/ Yoast SEO plugin. -->","yoast_head_json":{"title":"i-land\u2122 S Pro (met luchtbanden) by i-team - Offici\u00eble partner i-teamwebshop by SAPO Products","robots":{"index":"index","follow":"follow","max-snippet":"max-snippet:-1","max-image-preview":"max-image-preview:large","max-video-preview":"max-video-preview:-1"},"canonical":"https:\/\/sapoproducts.nl\/i-teamwebshop\/product\/i-land-l-pro-by-i-team-2\/","og_locale":"nl_NL","og_type":"article","og_title":"i-land\u2122 S Pro (met luchtbanden) by i-team - Offici\u00eble partner i-teamwebshop by SAPO Products","og_description":"Vervoer al uw reinigingsproducten en apparatuur op \u00e9\u00e9n kar, zodat u meer gedaan krijgt zonder alles steeds te moeten aanvullen. Bewaar uw i-mop, extra reservoirs, batterijlader, microvezel en meer op deze flexibele en stevige kar. Vergroot uw horizon. Verplaats uw apparatuur nu gemakkelijk op moeilijke plaatsen vol obstakels, zoals bungalowparken, hotels, festivals, oneffen oppervlakken, rotsachtig terrein en kleine besloten ruimten.","og_url":"https:\/\/sapoproducts.nl\/i-teamwebshop\/product\/i-land-l-pro-by-i-team-2\/","og_site_name":"Offici\u00eble partner i-teamwebshop by SAPO Products","article_modified_time":"2024-02-05T14:02:51+00:00","og_image":[{"width":1488,"height":2229,"url":"https:\/\/sapoproducts.nl\/i-teamwebshop\/wp-content\/uploads\/2020\/12\/i-land-S-Pro-Front.jpg","type":"image\/jpeg"}],"twitter_card":"summary_large_image","twitter_misc":{"Geschatte leestijd":"1 minuut"},"schema":{"@context":"https:\/\/schema.org","@graph":[{"@type":"WebPage","@id":"https:\/\/sapoproducts.nl\/i-teamwebshop\/product\/i-land-l-pro-by-i-team-2\/","url":"https:\/\/sapoproducts.nl\/i-teamwebshop\/product\/i-land-l-pro-by-i-team-2\/","name":"i-land\u2122 S Pro (met luchtbanden) by i-team - Offici\u00eble partner i-teamwebshop by SAPO Products","isPartOf":{"@id":"https:\/\/sapoproducts.nl\/i-teamwebshop\/#website"},"primaryImageOfPage":{"@id":"https:\/\/sapoproducts.nl\/i-teamwebshop\/product\/i-land-l-pro-by-i-team-2\/#primaryimage"},"image":{"@id":"https:\/\/sapoproducts.nl\/i-teamwebshop\/product\/i-land-l-pro-by-i-team-2\/#primaryimage"},"thumbnailUrl":"https:\/\/sapoproducts.nl\/i-teamwebshop\/wp-content\/uploads\/2020\/12\/i-land-S-Pro-Front.jpg","datePublished":"2020-12-24T10:20:43+00:00","dateModified":"2024-02-05T14:02:51+00:00","breadcrumb":{"@id":"https:\/\/sapoproducts.nl\/i-teamwebshop\/product\/i-land-l-pro-by-i-team-2\/#breadcrumb"},"inLanguage":"nl-NL","potentialAction":[{"@type":"ReadAction","target":["https:\/\/sapoproducts.nl\/i-teamwebshop\/product\/i-land-l-pro-by-i-team-2\/"]}]},{"@type":"ImageObject","inLanguage":"nl-NL","@id":"https:\/\/sapoproducts.nl\/i-teamwebshop\/product\/i-land-l-pro-by-i-team-2\/#primaryimage","url":"https:\/\/sapoproducts.nl\/i-teamwebshop\/wp-content\/uploads\/2020\/12\/i-land-S-Pro-Front.jpg","contentUrl":"https:\/\/sapoproducts.nl\/i-teamwebshop\/wp-content\/uploads\/2020\/12\/i-land-S-Pro-Front.jpg","width":1488,"height":2229},{"@type":"BreadcrumbList","@id":"https:\/\/sapoproducts.nl\/i-teamwebshop\/product\/i-land-l-pro-by-i-team-2\/#breadcrumb","itemListElement":[{"@type":"ListItem","position":1,"name":"Home","item":"https:\/\/sapoproducts.nl\/i-teamwebshop\/"},{"@type":"ListItem","position":2,"name":"Shop","item":"https:\/\/sapoproducts.nl\/i-teamwebshop\/shop\/"},{"@type":"ListItem","position":3,"name":"i-land\u2122 S Pro (met luchtbanden) by i-team"}]},{"@type":"WebSite","@id":"https:\/\/sapoproducts.nl\/i-teamwebshop\/#website","url":"https:\/\/sapoproducts.nl\/i-teamwebshop\/","name":"Offici\u00eble partner i-teamwebshop by SAPO Products","description":"Offici\u00eble i-team partner webshop","publisher":{"@id":"https:\/\/sapoproducts.nl\/i-teamwebshop\/#organization"},"potentialAction":[{"@type":"SearchAction","target":{"@type":"EntryPoint","urlTemplate":"https:\/\/sapoproducts.nl\/i-teamwebshop\/?s={search_term_string}"},"query-input":{"@type":"PropertyValueSpecification","valueRequired":true,"valueName":"search_term_string"}}],"inLanguage":"nl-NL"},{"@type":"Organization","@id":"https:\/\/sapoproducts.nl\/i-teamwebshop\/#organization","name":"i-teamwebshop by SAPO","url":"https:\/\/sapoproducts.nl\/i-teamwebshop\/","logo":{"@type":"ImageObject","inLanguage":"nl-NL","@id":"https:\/\/sapoproducts.nl\/i-teamwebshop\/#\/schema\/logo\/image\/","url":"https:\/\/sapoproducts.nl\/i-teamwebshop\/wp-content\/uploads\/2023\/05\/logo-i-team.jpg","contentUrl":"https:\/\/sapoproducts.nl\/i-teamwebshop\/wp-content\/uploads\/2023\/05\/logo-i-team.jpg","width":380,"height":325,"caption":"i-teamwebshop by SAPO"},"image":{"@id":"https:\/\/sapoproducts.nl\/i-teamwebshop\/#\/schema\/logo\/image\/"}}]}},"_links":{"self":[{"href":"https:\/\/sapoproducts.nl\/i-teamwebshop\/wp-json\/wp\/v2\/product\/550","targetHints":{"allow":["GET"]}}],"collection":[{"href":"https:\/\/sapoproducts.nl\/i-teamwebshop\/wp-json\/wp\/v2\/product"}],"about":[{"href":"https:\/\/sapoproducts.nl\/i-teamwebshop\/wp-json\/wp\/v2\/types\/product"}],"replies":[{"embeddable":true,"href":"https:\/\/sapoproducts.nl\/i-teamwebshop\/wp-json\/wp\/v2\/comments?post=550"}],"wp:featuredmedia":[{"embeddable":true,"href":"https:\/\/sapoproducts.nl\/i-teamwebshop\/wp-json\/wp\/v2\/media\/551"}],"wp:attachment":[{"href":"https:\/\/sapoproducts.nl\/i-teamwebshop\/wp-json\/wp\/v2\/media?parent=550"}],"wp:term":[{"taxonomy":"product_brand","embeddable":true,"href":"https:\/\/sapoproducts.nl\/i-teamwebshop\/wp-json\/wp\/v2\/product_brand?post=550"},{"taxonomy":"product_cat","embeddable":true,"href":"https:\/\/sapoproducts.nl\/i-teamwebshop\/wp-json\/wp\/v2\/product_cat?post=550"},{"taxonomy":"product_tag","embeddable":true,"href":"https:\/\/sapoproducts.nl\/i-teamwebshop\/wp-json\/wp\/v2\/product_tag?post=550"}],"curies":[{"name":"wp","href":"https:\/\/api.w.org\/{rel}","templated":true}]}}